{"id":565,"date":"2020-02-18T16:11:37","date_gmt":"2020-02-18T15:11:37","guid":{"rendered":"https:\/\/www.cemcassa.com\/?page_id=565"},"modified":"2025-11-04T10:06:15","modified_gmt":"2025-11-04T09:06:15","slug":"aviso-legal","status":"publish","type":"page","link":"https:\/\/www.cemcassa.com\/es\/aviso-legal\/","title":{"rendered":"Aviso legal"},"content":{"rendered":"\t\t<div data-elementor-type=\"wp-page\" data-elementor-id=\"565\" class=\"elementor elementor-565 elementor-564\" data-elementor-post-type=\"page\">\n\t\t\t\t\t\t<section class=\"elementor-section elementor-top-section elementor-element elementor-element-d96a82a elementor-section-stretched elementor-section-full_width elementor-section-height-min-height elementor-section-height-default elementor-section-items-middle\" data-id=\"d96a82a\" data-element_type=\"section\" data-e-type=\"section\" data-settings=\"{&quot;stretch_section&quot;:&quot;section-stretched&quot;,&quot;background_background&quot;:&quot;classic&quot;}\">\n\t\t\t\t\t\t<div class=\"elementor-container elementor-column-gap-default\">\n\t\t\t\t\t<div class=\"elementor-column elementor-col-100 elementor-top-column elementor-element elementor-element-f7202c0\" data-id=\"f7202c0\" data-element_type=\"column\" data-e-type=\"column\">\n\t\t\t<div class=\"elementor-widget-wrap\">\n\t\t\t\t\t\t\t<\/div>\n\t\t<\/div>\n\t\t\t\t\t<\/div>\n\t\t<\/section>\n\t\t\t\t<section class=\"elementor-section elementor-top-section elementor-element elementor-element-94d4495 elementor-section-boxed elementor-section-height-default elementor-section-height-default\" data-id=\"94d4495\" data-element_type=\"section\" data-e-type=\"section\">\n\t\t\t\t\t\t<div class=\"elementor-container elementor-column-gap-default\">\n\t\t\t\t\t<div class=\"elementor-column elementor-col-100 elementor-top-column elementor-element elementor-element-dd8714d\" data-id=\"dd8714d\" data-element_type=\"column\" data-e-type=\"column\">\n\t\t\t<div class=\"elementor-widget-wrap elementor-element-populated\">\n\t\t\t\t\t\t<div class=\"elementor-element elementor-element-951194b elementor-widget elementor-widget-heading\" data-id=\"951194b\" data-element_type=\"widget\" data-e-type=\"widget\" data-widget_type=\"heading.default\">\n\t\t\t\t<div class=\"elementor-widget-container\">\n\t\t\t\t\t<h2 class=\"elementor-heading-title elementor-size-default\">AVISO LEGAL de www.cemcassa.com<\/h2>\t\t\t\t<\/div>\n\t\t\t\t<\/div>\n\t\t\t\t<div class=\"elementor-element elementor-element-84eb46e elementor-widget-divider--view-line elementor-widget elementor-widget-divider\" data-id=\"84eb46e\" data-element_type=\"widget\" data-e-type=\"widget\" data-widget_type=\"divider.default\">\n\t\t\t\t<div class=\"elementor-widget-container\">\n\t\t\t\t\t\t\t<div class=\"elementor-divider\">\n\t\t\t<span class=\"elementor-divider-separator\">\n\t\t\t\t\t\t<\/span>\n\t\t<\/div>\n\t\t\t\t\t\t<\/div>\n\t\t\t\t<\/div>\n\t\t\t\t<div class=\"elementor-element elementor-element-40073cf elementor-widget elementor-widget-text-editor\" data-id=\"40073cf\" data-element_type=\"widget\" data-e-type=\"widget\" data-widget_type=\"text-editor.default\">\n\t\t\t\t<div class=\"elementor-widget-container\">\n\t\t\t\t\t\t\t\t\t<p class=\"p1\"><span class=\"s1\"><b>Introducci\u00f3n <\/b><\/span><\/p>\n<p class=\"p1\">En cumplimiento de la Ley 34\/2002, de 11 de julio, de Servicios de la Sociedad de la Informaci\u00f3n y de Comercio Electr\u00f3nico (LSSI-CE), WERBAL TRADE SL informa que es titular del sitio web. De acuerdo con la exigencia del art\u00edculo 10 de la citada Ley, WERBAL TRADE SL informa de los siguientes datos:<\/p>\n<table class=\"t1\" cellspacing=\"0\" cellpadding=\"0\">\n<tbody>\n<tr>\n<td class=\"td1\" valign=\"top\">\n<p class=\"p1\"><b>RAZ\u00d3N SOCIAL <\/b><\/p>\n<\/td>\n<td class=\"td1\" valign=\"top\">\n<p class=\"p1\">WERBAL TRADE SL<\/p>\n<\/td>\n<\/tr>\n<tr>\n<td class=\"td1\" valign=\"top\">\n<p class=\"p1\"><b>NIF <\/b><\/p>\n<\/td>\n<td class=\"td1\" valign=\"top\">\n<p class=\"p1\">B64987001<\/p>\n<\/td>\n<\/tr>\n<tr>\n<td class=\"td1\" valign=\"top\">\n<p class=\"p1\"><b>DOMINIO <\/b><\/p>\n<\/td>\n<td class=\"td1\" valign=\"top\">\n<p class=\"p1\">www.cemcassa.com<\/p>\n<\/td>\n<\/tr>\n<tr>\n<td class=\"td1\" valign=\"top\">\n<p class=\"p1\"><b>DIRECCI\u00d3N POSTAL <\/b><\/p>\n<\/td>\n<td class=\"td1\" valign=\"top\">\n<p class=\"p1\">BAIXADA DE LA COMA 15,17244 CASSA DE LA SELVA(GIRONA)<\/p>\n<\/td>\n<\/tr>\n<tr>\n<td class=\"td1\" valign=\"top\">\n<p class=\"p1\"><b>DIRECCI\u00d3N ELECTR\u00d3NICA <\/b><\/p>\n<\/td>\n<td class=\"td1\" valign=\"top\">\n<p class=\"p1\">recepciocemcassa@gmail.com<\/p>\n<\/td>\n<\/tr>\n<tr>\n<td class=\"td1\" valign=\"top\">\n<p class=\"p1\"><b>TEL\u00c9FONOS <\/b><\/p>\n<\/td>\n<td class=\"td1\" valign=\"top\">\n<p class=\"p1\">689730660<\/p>\n<\/td>\n<\/tr>\n<tr>\n<td class=\"td1\" valign=\"top\">\n<p class=\"p1\"><b>N.\u00ba REGISTRO\/DATOS ADICIONALES <\/b><\/p>\n<\/td>\n<td class=\"td1\" valign=\"top\">\n<p class=\"p1\">Inscripci\u00f3n: www.cemcassa.com<\/p>\n<\/td>\n<\/tr>\n<\/tbody>\n<\/table>\n<p>\u00a0<\/p>\n<p class=\"p1\"><span class=\"s1\"><b>Usuario y r\u00e9gimen de responsabilidades <\/b><\/span><\/p>\n<p class=\"p1\">La navegaci\u00f3n, acceso y uso por el sitio web de WERBAL TRADE SL confiere la condici\u00f3n de usuario. El sitio web de WERBAL TRADE SL proporciona gran diversidad de informaci\u00f3n, servicios y datos. El usuario asume su responsabilidad en el uso correcto del sitio web. Esta responsabilidad se extender\u00e1 a:<\/p>\n<p class=\"p2\">La veracidad y licitud de las informaciones aportadas por el usuario en los formularios extendidos por WERBAL TRADE SL para el acceso a ciertos contenidos o servicios ofrecidos por el web.<\/p>\n<p class=\"p1\">El uso de la informaci\u00f3n, servicios y datos ofrecidos por WERBAL TRADE SL contrariamente a lo dispuesto por las presentes condiciones, la Ley, la moral, las buenas costumbres o el orden p\u00fablico, o que de cualquier otro modo puedan suponer lesi\u00f3n de los derechos de terceros o del mismo funcionamiento del sitio web.<\/p>\n<p>\u00a0<\/p>\n<p class=\"p1\"><span class=\"s1\"><b>Pol\u00edtica de enlaces y exenciones de responsabilidad<\/b><\/span><\/p>\n<p class=\"p1\"><b> <\/b>WERBAL TRADE SL no se hace responsable del contenido de los sitios web a los que el usuario pueda acceder a trav\u00e9s de los enlaces establecidos en su sitio web, siempre que no tenga conocimiento efectivo de que la actividad o la informaci\u00f3n a la que remite o recomienda es il\u00edcita o de que lesiona bienes o derechos de un tercero susceptibles de indemnizaci\u00f3n, o, en caso de tenerlo, act\u00fae con diligencia para suprimir o inutilizar el enlace correspondiente.<\/p>\n<p class=\"p1\">Se entender\u00e1 que WERBAL TRADE SL tiene el conocimiento efectivo a que se refiere el p\u00e1rrafo anterior cuando un \u00f3rgano competente haya declarado la ilicitud de los datos, ordenado su retirada o que se imposibilite el acceso a los mismos, o se hubiera declarado la existencia de la lesi\u00f3n, y WERBAL TRADE SL conociera la correspondiente resoluci\u00f3n, sin perjuicio de los procedimientos de detecci\u00f3n y retirada de contenidos que WERBAL TRADE SL aplique en virtud de acuerdos voluntarios y de otros medios de conocimiento efectivo que pudieran establecerse.<\/p>\n<p class=\"p1\">WERBAL TRADE SL declara haber adoptado todas las medidas necesarias para evitar cualquier da\u00f1o a los usuarios de su sitio web, que pudieran derivarse de la navegaci\u00f3n por su sitio web. En consecuencia, WERBAL TRADE SL no se hace responsable, en ning\u00fan caso, de los eventuales da\u00f1os que por la navegaci\u00f3n por Internet pudiera sufrir el usuario. Asimismo, tampoco garantizar\u00e1 la disponibilidad t\u00e9cnica, exactitud, veracidad, validez o legalidad de sitios ajenos a su propiedad a los que se pueda acceder por medio de los enlaces.<\/p>\n<p>\u00a0<\/p>\n<p class=\"p1\"><span class=\"s1\"><b>Modificaciones<\/b><\/span><\/p>\n<p class=\"p1\">WERBAL TRADE SL se reserva la facultad de efectuar, en cualquier momento y sin necesidad de previo aviso, modificaciones y actualizaciones de la informaci\u00f3n contenida en su sitio web o en la configuraci\u00f3n y presentaci\u00f3n de esta. Con objeto de mantener actualizada la informaci\u00f3n publicada, los contenidos del mismo podr\u00e1n ser modificados, corregidos, eliminados o a\u00f1adidos en cualquier momento, por cualquier forma admisible en derecho.<\/p>\n<p>\u00a0<\/p>\n<p class=\"p1\"><span class=\"s1\"><b>Indicaci\u00f3n de precios <\/b><\/span><\/p>\n<p class=\"p1\">En caso de que se muestren precios de productos y\/o servicios, los indicados en pantalla ser\u00e1n los vigentes en cada momento. Los precios ser\u00e1n indicados en euros y tendr\u00e1n incorporado el Impuesto sobre el Valor A\u00f1adido (IVA).<\/p>\n<p class=\"p1\">En caso de que no se incorpore el IVA en el precio, se indicar\u00e1 de manera expresa y se permitir\u00e1 al usuario visualizar el precio final completo. Asimismo, si fuera aplicable cualquier otro impuesto, as\u00ed se indicar\u00eda, incluyendo, en su caso, el importe de los incrementos o descuentos que sean de aplicaci\u00f3n a la oferta y los gastos adicionales que puedan repercutir al consumidor o usuario.<\/p>\n<p>\u00a0<\/p>\n<p class=\"p1\"><span class=\"s1\"><b>Propiedad intelectual e industrial <\/b><\/span><\/p>\n<p class=\"p1\">WERBAL TRADE SL por s\u00ed misma o como cesionaria, es titular de todos los derechos de propiedad intelectual e industrial de su p\u00e1gina web, as\u00ed como de los elementos contenidos en la misma (a t\u00edtulo enunciativo, im\u00e1genes, sonido, audio, v\u00eddeo, software o textos; marcas o logotipos, combinaciones de colores, estructura y dise\u00f1o, selecci\u00f3n de materiales usados, programas de ordenador necesarios para su funcionamiento, acceso y uso, etc.), titularidad de WERBAL TRADE SL. Ser\u00e1n, por consiguiente, obras protegidas como propiedad intelectual por el ordenamiento jur\u00eddico espa\u00f1ol, si\u00e9ndoles aplicables tanto la normativa espa\u00f1ola y comunitaria en este campo, como los tratados internacionales relativos a la materia y suscritos por Espa\u00f1a.<\/p>\n<p class=\"p1\">Todos los derechos reservados. En virtud de lo dispuesto en la Ley de Propiedad Intelectual, quedan expresamente prohibidas la reproducci\u00f3n, la distribuci\u00f3n y la comunicaci\u00f3n p\u00fablica, incluida su modalidad de puesta a disposici\u00f3n, de la totalidad o parte de los contenidos de esta p\u00e1gina web, con fines comerciales, en cualquier soporte y por cualquier medio t\u00e9cnico, sin la autorizaci\u00f3n de WERBAL TRADE SL.<\/p>\n<p class=\"p1\">El usuario se compromete a respetar los derechos de Propiedad Intelectual e Industrial titularidad de WERBAL TRADE SL. Podr\u00e1 visualizar los elementos del portal e incluso imprimirlos, copiarlos y almacenarlos en el disco duro de su ordenador o en cualquier otro soporte f\u00edsico siempre y cuando sea, \u00fanica y exclusivamente, para su uso personal y privado. El usuario deber\u00e1 abstenerse de suprimir, alterar, eludir o manipular cualquier dispositivo de protecci\u00f3n o sistema de seguridad que estuviera instalado en las p\u00e1ginas de WERBAL TRADE SL.<\/p>\n<p>\u00a0<\/p>\n<p class=\"p1\"><span class=\"s1\"><b>Certificado SSL (secure sockets layer) <\/b><\/span><\/p>\n<p class=\"p1\">El CERTIFICADO SSL proporciona autenticaci\u00f3n, privacidad y seguridad de la informaci\u00f3n entre WERBAL TRADE SL y el usuario.<\/p>\n<p class=\"p1\">WERBAL TRADE SL dispone de un certificado de seguridad que se utiliza por CERTIFICADO SSL para realizar conexiones seguras.<\/p>\n<p class=\"p1\">En este proceso se establecen varios par\u00e1metros para realizar la conexi\u00f3n de forma segura y se establece usando llaves preestablecidas, codificando y descodificando todos los datos enviados hasta que la conexi\u00f3n sea cerrada.<\/p>\n<p>\u00a0<\/p>\n<p class=\"p1\"><span class=\"s1\"><b>Acciones legales, legislaci\u00f3n aplicable y jurisdicci\u00f3n <\/b><\/span><\/p>\n<p class=\"p1\">Si el usuario desea presentar una reclamaci\u00f3n, deber\u00e1 contactar mediante el correo electr\u00f3nico <a href=\"mailto:recepciocemcassa@gmail.com\">recepciocemcassa@gmail.com<\/a>. Asimismo, WERBAL TRADE SL dispone de hojas oficiales de reclamaci\u00f3n a disposici\u00f3n de los consumidores y usuarios.<\/p>\n<p class=\"p1\">WERBAL TRADE SL se reserva la facultad de presentar las acciones civiles o penales que considere oportunas por la utilizaci\u00f3n indebida de su sitio web y contenidos, o por el incumplimiento de las presentes condiciones.<\/p>\n<p class=\"p1\">La relaci\u00f3n entre el usuario y el prestador se regir\u00e1 por la normativa vigente y de aplicaci\u00f3n en el territorio espa\u00f1ol. De surgir cualquier controversia las partes podr\u00e1n someter sus conflictos a arbitraje o acudir a la jurisdicci\u00f3n ordinaria cumpliendo con las normas sobre jurisdicci\u00f3n y competencia al respecto.<\/p>\n<p>\u00a0<\/p>\n<p class=\"p1\"><b>\u00daltima actualizaci\u00f3n: <\/b>12 de agosto de 2025<\/p>\n\t\t\t\t\t\t\t\t<\/div>\n\t\t\t\t<\/div>\n\t\t\t\t\t<\/div>\n\t\t<\/div>\n\t\t\t\t\t<\/div>\n\t\t<\/section>\n\t\t\t\t<\/div>\n\t\t","protected":false},"excerpt":{"rendered":"<p>AVISO LEGAL de www.cemcassa.com Introducci\u00f3n En cumplimiento de la Ley 34\/2002, de 11 de julio, de Servicios de la Sociedad de la Informaci\u00f3n y de Comercio Electr\u00f3nico (LSSI-CE), WERBAL TRADE SL informa que es titular del sitio web. De acuerdo con la exigencia del art\u00edculo 10 de la citada Ley, WERBAL TRADE SL informa de [&hellip;]<\/p>\n","protected":false},"author":1,"featured_media":0,"parent":0,"menu_order":0,"comment_status":"closed","ping_status":"closed","template":"elementor_header_footer","meta":{"footnotes":""},"class_list":["post-565","page","type-page","status-publish","hentry"],"_links":{"self":[{"href":"https:\/\/www.cemcassa.com\/es\/wp-json\/wp\/v2\/pages\/565","targetHints":{"allow":["GET"]}}],"collection":[{"href":"https:\/\/www.cemcassa.com\/es\/wp-json\/wp\/v2\/pages"}],"about":[{"href":"https:\/\/www.cemcassa.com\/es\/wp-json\/wp\/v2\/types\/page"}],"author":[{"embeddable":true,"href":"https:\/\/www.cemcassa.com\/es\/wp-json\/wp\/v2\/users\/1"}],"replies":[{"embeddable":true,"href":"https:\/\/www.cemcassa.com\/es\/wp-json\/wp\/v2\/comments?post=565"}],"version-history":[{"count":4,"href":"https:\/\/www.cemcassa.com\/es\/wp-json\/wp\/v2\/pages\/565\/revisions"}],"predecessor-version":[{"id":2230,"href":"https:\/\/www.cemcassa.com\/es\/wp-json\/wp\/v2\/pages\/565\/revisions\/2230"}],"wp:attachment":[{"href":"https:\/\/www.cemcassa.com\/es\/wp-json\/wp\/v2\/media?parent=565"}],"curies":[{"name":"wp","href":"https:\/\/api.w.org\/{rel}","templated":true}]}}