{"id":558,"date":"2020-02-18T16:08:28","date_gmt":"2020-02-18T15:08:28","guid":{"rendered":"https:\/\/www.cemcassa.com\/?page_id=558"},"modified":"2025-11-04T09:21:25","modified_gmt":"2025-11-04T08:21:25","slug":"politica-de-privacidad","status":"publish","type":"page","link":"https:\/\/www.cemcassa.com\/es\/politica-de-privacidad\/","title":{"rendered":"Pol\u00edtica de privacidad"},"content":{"rendered":"\t\t<div data-elementor-type=\"wp-page\" data-elementor-id=\"558\" class=\"elementor elementor-558 elementor-557\" data-elementor-post-type=\"page\">\n\t\t\t\t\t\t<section class=\"elementor-section elementor-top-section elementor-element elementor-element-d96a82a elementor-section-stretched elementor-section-full_width elementor-section-height-min-height elementor-section-height-default elementor-section-items-middle\" data-id=\"d96a82a\" data-element_type=\"section\" data-e-type=\"section\" data-settings=\"{&quot;stretch_section&quot;:&quot;section-stretched&quot;,&quot;background_background&quot;:&quot;classic&quot;}\">\n\t\t\t\t\t\t<div class=\"elementor-container elementor-column-gap-default\">\n\t\t\t\t\t<div class=\"elementor-column elementor-col-100 elementor-top-column elementor-element elementor-element-f7202c0\" data-id=\"f7202c0\" data-element_type=\"column\" data-e-type=\"column\">\n\t\t\t<div class=\"elementor-widget-wrap\">\n\t\t\t\t\t\t\t<\/div>\n\t\t<\/div>\n\t\t\t\t\t<\/div>\n\t\t<\/section>\n\t\t\t\t<section class=\"elementor-section elementor-top-section elementor-element elementor-element-94d4495 elementor-section-boxed elementor-section-height-default elementor-section-height-default\" data-id=\"94d4495\" data-element_type=\"section\" data-e-type=\"section\">\n\t\t\t\t\t\t<div class=\"elementor-container elementor-column-gap-default\">\n\t\t\t\t\t<div class=\"elementor-column elementor-col-100 elementor-top-column elementor-element elementor-element-dd8714d\" data-id=\"dd8714d\" data-element_type=\"column\" data-e-type=\"column\">\n\t\t\t<div class=\"elementor-widget-wrap elementor-element-populated\">\n\t\t\t\t\t\t<div class=\"elementor-element elementor-element-951194b elementor-widget elementor-widget-heading\" data-id=\"951194b\" data-element_type=\"widget\" data-e-type=\"widget\" data-widget_type=\"heading.default\">\n\t\t\t\t<div class=\"elementor-widget-container\">\n\t\t\t\t\t<h2 class=\"elementor-heading-title elementor-size-default\">POL\u00cdTICA DE PRIVACIDAD DEL SITIO WEB<\/h2>\t\t\t\t<\/div>\n\t\t\t\t<\/div>\n\t\t\t\t<div class=\"elementor-element elementor-element-84eb46e elementor-widget-divider--view-line elementor-widget elementor-widget-divider\" data-id=\"84eb46e\" data-element_type=\"widget\" data-e-type=\"widget\" data-widget_type=\"divider.default\">\n\t\t\t\t<div class=\"elementor-widget-container\">\n\t\t\t\t\t\t\t<div class=\"elementor-divider\">\n\t\t\t<span class=\"elementor-divider-separator\">\n\t\t\t\t\t\t<\/span>\n\t\t<\/div>\n\t\t\t\t\t\t<\/div>\n\t\t\t\t<\/div>\n\t\t\t\t<div class=\"elementor-element elementor-element-40073cf elementor-widget elementor-widget-text-editor\" data-id=\"40073cf\" data-element_type=\"widget\" data-e-type=\"widget\" data-widget_type=\"text-editor.default\">\n\t\t\t\t<div class=\"elementor-widget-container\">\n\t\t\t\t\t\t\t\t\t<p class=\"p1\"><b>POL\u00cdTICA DE PRIVACIDAD DE www.cemcassa.com <\/b><\/p>\n<table class=\"t1\" cellspacing=\"0\" cellpadding=\"0\">\n<tbody>\n<tr>\n<td class=\"td1\" valign=\"top\">\n<p class=\"p2\"><b>Datos del propietario de la web: <\/b><span class=\"s1\"><b>RAZ\u00d3N SOCIAL <\/b><\/span><\/p>\n<\/td>\n<td class=\"td1\" valign=\"top\">\n<p class=\"p1\">WERBAL TRADE SL<\/p>\n<\/td>\n<\/tr>\n<tr>\n<td class=\"td1\" valign=\"top\">\n<p class=\"p1\"><b>NIF <\/b><\/p>\n<\/td>\n<td class=\"td1\" valign=\"top\">\n<p class=\"p1\">B64987001<\/p>\n<\/td>\n<\/tr>\n<tr>\n<td class=\"td1\" valign=\"top\">\n<p class=\"p1\"><b>DOMINIO <\/b><\/p>\n<\/td>\n<td class=\"td1\" valign=\"top\">\n<p class=\"p1\">www.cemcassa.com<\/p>\n<\/td>\n<\/tr>\n<tr>\n<td class=\"td1\" valign=\"top\">\n<p class=\"p1\"><b>DIRECCI\u00d3N POSTAL <\/b><\/p>\n<\/td>\n<td class=\"td1\" valign=\"top\">\n<p class=\"p1\">BAIXADA DE LA COMA 15,17244 CASSA DE LA SELVA(GIRONA)<\/p>\n<\/td>\n<\/tr>\n<tr>\n<td class=\"td1\" valign=\"top\">\n<p class=\"p1\"><b>DIRECCI\u00d3N ELECTR\u00d3NICA <\/b><\/p>\n<\/td>\n<td class=\"td1\" valign=\"top\">\n<p class=\"p1\">recepciocemcassa@gmail.com<\/p>\n<\/td>\n<\/tr>\n<tr>\n<td class=\"td1\" valign=\"top\">\n<p class=\"p1\"><b>TEL\u00c9FONOS <\/b><\/p>\n<\/td>\n<td class=\"td1\" valign=\"top\">\n<p class=\"p1\">689730660<\/p>\n<\/td>\n<\/tr>\n<tr>\n<td class=\"td1\" valign=\"top\">\n<p class=\"p1\"><b>N\u00ba REGISTRO\/ DATOS ADICIONALES <\/b><\/p>\n<\/td>\n<td class=\"td1\" valign=\"top\">\n<p class=\"p1\">Inscripci\u00f3n: www.cemcassa.com<\/p>\n<\/td>\n<\/tr>\n<\/tbody>\n<\/table>\n<p class=\"p1\"><span class=\"s1\"><b>Protecci\u00f3n de datos <\/b><\/span><\/p>\n<p class=\"p1\">De conformidad con la normativa vigente y aplicable en protecci\u00f3n de datos de car\u00e1cter personal, le informamos que sus datos ser\u00e1n incorporados al sistema de tratamiento titularidad de WERBAL TRADE SL con NIF B64987001 y domicilio social sito en BAIXADA DE LA COMA 15,17244 CASSA DE LA SELVA(GIRONA). A continuaci\u00f3n, se facilita la informaci\u00f3n de los tratamientos realizados:<\/p>\n<p><b>TRATAMIENTOS REALIZADOS<\/b><\/p>\n<table class=\"t1\" cellspacing=\"0\" cellpadding=\"0\">\n<tbody>\n<tr>\n<td class=\"td1\" valign=\"top\">\n<p class=\"p1\">Acciones comerciales formulario web<\/p>\n<\/td>\n<td class=\"td1\" valign=\"top\">\n<p class=\"p1\"><b>Finalidad: <\/b>Captaci\u00f3n, registro y tratamiento de datos con finalidades de atender sus consultas y\/o solicitudes, as\u00ed como de publicidad y prospecci\u00f3n comercial.<\/p>\n<p class=\"p1\"><b>Plazo de conservaci\u00f3n: <\/b>mientras se mantenga el consentimiento prestado, salvo obligaci\u00f3n legal.<\/p>\n<p class=\"p1\"><b>Base leg\u00edtima: <\/b>El consentimiento del interesado.<\/p>\n<p class=\"p1\"><b>Tipolog\u00eda de Datos: <\/b><\/p>\n<p class=\"p1\"><b>Datos b\u00e1sicos: <\/b>Nombre y apellidos, Direcci\u00f3n electr\u00f3nica<\/p>\n<\/td>\n<\/tr>\n<tr>\n<td class=\"td1\" valign=\"top\">\n<p class=\"p2\">Newsletter<\/p>\n<\/td>\n<td class=\"td1\" valign=\"top\">\n<p class=\"p1\"><b>Finalidad: <\/b>Gesti\u00f3n de la suscripci\u00f3n a la newsletter, para realizar los env\u00edos correspondientes.<\/p>\n<p class=\"p1\"><b>Plazo de conservaci\u00f3n: <\/b>mientras se mantenga el consentimiento prestado.<\/p>\n<p class=\"p1\"><b>Base leg\u00edtima: <\/b>El consentimiento del interesado.<\/p>\n<p class=\"p1\"><b>Tipolog\u00eda de Datos: <\/b><\/p>\n<p class=\"p1\"><b>Datos b\u00e1sicos: <\/b>Nombre y apellidos, Direcci\u00f3n electr\u00f3nica<\/p>\n<\/td>\n<\/tr>\n<tr>\n<td class=\"td1\" valign=\"top\">\n<p class=\"p2\">Gesti\u00f3n usuarios web<\/p>\n<\/td>\n<td class=\"td1\" valign=\"top\">\n<p class=\"p1\"><b>Finalidad: <\/b>Captaci\u00f3n, registro y tratamiento de datos del usuario.<\/p>\n<p class=\"p1\"><b>Plazo de conservaci\u00f3n: <\/b>mientras se mantenga el consentimiento prestado, salvo obligaci\u00f3n legal.<\/p>\n<p class=\"p1\"><b>Base leg\u00edtima: <\/b>El consentimiento del interesado.<\/p>\n<p class=\"p1\"><b>Tipolog\u00eda de Datos: <\/b><\/p>\n<p class=\"p1\"><b>Datos b\u00e1sicos: <\/b>Nombre y apellidos, Direcci\u00f3n electr\u00f3nica<\/p>\n<\/td>\n<\/tr>\n<tr>\n<td class=\"td1\" valign=\"top\">\n<p class=\"p2\">Instalaci\u00f3n de cookies<\/p>\n<\/td>\n<td class=\"td1\" valign=\"top\">\n<p class=\"p1\"><b>Finalidad: <\/b>Gesti\u00f3n e instalaci\u00f3n de las cookies.<\/p>\n<p class=\"p1\"><b>Plazo de conservaci\u00f3n: <\/b>mientras se mantenga el consentimiento prestado.<\/p>\n<p class=\"p1\"><b>Base leg\u00edtima: <\/b>El consentimiento del interesado.<\/p>\n<p class=\"p1\"><b>Tipolog\u00eda de Datos: <\/b><\/p>\n<p class=\"p1\"><b>Datos b\u00e1sicos: <\/b>Direcci\u00f3n electr\u00f3nica, Direcci\u00f3n IP<\/p>\n<\/td>\n<\/tr>\n<tr>\n<td class=\"td1\" valign=\"top\">\n<p class=\"p1\">Gesti\u00f3n Formulario web<\/p>\n<\/td>\n<td class=\"td1\" valign=\"top\">\n<p class=\"p1\"><b>Finalidad: <\/b>Atender sus consultas y\/o solicitudes.<\/p>\n<p class=\"p1\"><b>Plazo de conservaci\u00f3n: <\/b>mientras se mantenga el consentimiento prestado.<\/p>\n<p class=\"p1\"><b>Base leg\u00edtima: <\/b>El consentimiento del interesado.<\/p>\n<p class=\"p1\"><b>Tipolog\u00eda de Datos: <\/b><\/p>\n<p class=\"p1\"><b>Datos b\u00e1sicos: <\/b>Nombre y apellidos, Direcci\u00f3n electr\u00f3nica, Direcci\u00f3n IP<\/p>\n<\/td>\n<\/tr>\n<\/tbody>\n<\/table>\n<p>\u00a0<\/p>\n<p class=\"p1\">A su vez, le informamos que puede contactar con el Delegado de Protecci\u00f3n de Datos, dirigi\u00e9ndose por escrito a la direcci\u00f3n de correo <a href=\"mailto:dpd.cliente@conversia.es\">dpd.cliente@conversia.es<\/a> o al tel\u00e9fono 872987665.<\/p>\n<p>\u00a0<\/p>\n<p class=\"p1\"><span class=\"s1\"><b>Derechos de los interesados <\/b><\/span><\/p>\n<p class=\"p1\">WERBAL TRADE SL informa a los Usuarios que, podr\u00e1 ejercer los derechos de acceso, rectificaci\u00f3n, limitaci\u00f3n, supresi\u00f3n, portabilidad, oposici\u00f3n al tratamiento de sus datos de car\u00e1cter personal y el derecho a no ser objeto de decisiones automatizadas, incluida la elaboraci\u00f3n de perfiles, ante el Responsable del Tratamiento, as\u00ed como a la retirada del consentimiento prestado.<\/p>\n<ul>\n<li class=\"p2\"><b>Derecho de Acceso: <\/b>Es el derecho del usuario a obtener confirmaci\u00f3n sobre si se est\u00e1n tratando sus datos y, en tal caso, los concretos datos personales tratados y la informaci\u00f3n legal del tratamiento (finalidades, base legitimadora, plazos de conservaci\u00f3n, cesiones, origen de los datos, etc.).<\/li>\n<li class=\"p2\"><b>Derecho de Rectificaci\u00f3n: <\/b>Es el derecho del afectado a que se modifiquen los datos que resulten ser inexactos o incompletos. En relaci\u00f3n a la p\u00e1gina web, s\u00f3lo podr\u00e1 satisfacerse en relaci\u00f3n a aquella informaci\u00f3n que se encuentre bajo el control del sitio web, por ejemplo, eliminar comentarios publicados en la propia p\u00e1gina, im\u00e1genes o contenidos web donde consten datos de car\u00e1cter personal del usuario.<\/li>\n<li class=\"p2\"><b>Derecho a la Limitaci\u00f3n de tratamiento: <\/b>Es el derecho a que se limiten los fines del tratamiento previstos de forma original por el responsable del tratamiento en determinados supuestos.<\/li>\n<li class=\"p2\"><b>Derecho de Supresi\u00f3n: <\/b>Es el derecho a suprimir los datos de car\u00e1cter personal del usuario, a excepci\u00f3n de lo previsto en el propio RGPD (libertad de expresi\u00f3n e informaci\u00f3n, obligaciones de conservaci\u00f3n, formulaci\u00f3n, ejercicio o defensa de reclamaciones, etc.).<\/li>\n<li class=\"p2\"><b>Derecho a la Portabilidad: <\/b>El derecho a recibir los datos personales que el usuario haya facilitado, en un formato estructurado, de uso com\u00fan y lectura mec\u00e1nica, y a transmitirlos a otro responsable cuando el tratamiento est\u00e1 basado en el consentimiento o en la ejecuci\u00f3n de un contrato y se efect\u00fae por medios automatizados.<\/li>\n<li class=\"p2\"><b>Derecho de Oposici\u00f3n: <\/b>Es el derecho del usuario a que no se lleve a cabo el tratamiento de sus datos de car\u00e1cter personal o se cese el tratamiento de los mismos por parte del sitio web cuando el tratamiento est\u00e9 basado en el inter\u00e9s leg\u00edtimo o el inter\u00e9s p\u00fablico o cuando se trate de tratamientos de mercadotecnia directa.<\/li>\n<li class=\"p1\"><b>Derecho a no ser objeto de decisiones automatizadas, incluida la elaboraci\u00f3n de perfiles: <\/b>Cuando el tratamiento no es necesario para la celebraci\u00f3n o ejecuci\u00f3n de un contrato, ni est\u00e1 autorizada por el Derecho de la Uni\u00f3n Europea o de los Estados miembros ni se basa en el consentimiento, tiene derecho a no ser objeto de una decisi\u00f3n basada \u00fanicamente en el tratamiento automatizado, incluida la elaboraci\u00f3n de perfiles, que produzca efectos jur\u00eddicos o le afecte significativamente de modo similar.<\/li>\n<li class=\"p2\"><b>Derecho a retirar el consentimiento: <\/b>Para cualquier tratamiento basado en su consentimiento, tiene derecho a retirarlo, en cualquier momento y de manera gratuita.<\/li>\n<\/ul>\n<p class=\"p1\">Para ejercer cualquiera de los derechos en materia de protecci\u00f3n de datos descritos anteriormente deber\u00e1 seguir las siguientes indicaciones:<\/p>\n<ul>\n<li class=\"p2\">Presentaci\u00f3n de un escrito a la direcci\u00f3n BAIXADA DE LA COMA 15,17244 CASSA DE LA SELVA(GIRONA) (a la atenci\u00f3n de WERBAL TRADE SL) o bien a trav\u00e9s de correo electr\u00f3nico a por correo electr\u00f3nico a <a href=\"mailto:recepciocemcassa@gmail.com\">recepciocemcassa@gmail.com<\/a> .<\/li>\n<li class=\"p1\">El escrito remitido por el titular de los datos personales (interesado\/a) que solicite el ejercicio de derechos deber\u00e1 tener en cuenta lo siguiente:<\/li>\n<li style=\"list-style-type: none;\">\n<ul>\n<li class=\"p3\">Deber\u00e1 identificarse fehacientemente y, en el caso de que concurran dudas sobre la identidad del solicitante, se le solicitar\u00e1 que subsane la petici\u00f3n (p. ej. solicitando m\u00e1s informaci\u00f3n, como el n\u00famero de DNI, el documento del DNI, el correo electr\u00f3nico que aport\u00f3, etc.)<\/li>\n<li class=\"p3\">La solicitud puede realizarla el representante, legal o voluntario, cuando \u00e9ste est\u00e9 debidamente identificado y autorizado por el titular de los datos (mediante una autorizaci\u00f3n expresa del titular para ejercer los derechos personal\u00edsimos regulados en la normativa en materia de protecci\u00f3n de datos personales).<\/li>\n<li class=\"p3\">Petici\u00f3n en que se concreta la solicitud (Derecho\/s que se pretende\/n ejercer). Si no hace referencia a un tratamiento concreto se le facilitar\u00e1 respuesta en relaci\u00f3n a todos los tratamientos que afectan a sus datos de car\u00e1cter personal. Si solicita informaci\u00f3n de un tratamiento en concreto, s\u00f3lo la informaci\u00f3n de \u00e9ste. Si lo solicita por tel\u00e9fono se le indicar\u00e1 que lo haga por escrito y se le informar\u00e1 de c\u00f3mo lo puede hacer y la direcci\u00f3n a la que tiene que enviarlo. Nunca se le dar\u00e1 informaci\u00f3n por tel\u00e9fono.<\/li>\n<li class=\"p3\">Direcci\u00f3n postal o electr\u00f3nica a efectos de notificaciones.<\/li>\n<li class=\"p3\">Documentos acreditativos de la petici\u00f3n que formula, en caso de que sean necesarios.<\/li>\n<li class=\"p1\">La persona solicitante debe utilizar cualquier medio que permita acreditar el env\u00edo y la recepci\u00f3n de la solicitud.<\/li>\n<\/ul>\n<\/li>\n<\/ul>\n<p class=\"p1\">Por \u00faltimo, le informamos que tiene derecho a presentar una reclamaci\u00f3n ante la Agencia Espa\u00f1ola de Protecci\u00f3n de Datos en caso de que tenga conocimiento o considere que un hecho pueda suponer un incumplimiento de la normativa aplicable en materia de protecci\u00f3n de datos. WERBAL TRADE SL se compromete a adoptar las medidas t\u00e9cnicas y organizativas necesarias, acorde al nivel de riesgos que acompa\u00f1an los tratamientos realizados por \u00e9stas e indicados en este mismo apartado, de forma que garanticen su integridad, confidencialidad y disponibilidad.<\/p>\n<p class=\"p1\"><b>\u00daltima actualizaci\u00f3n: <\/b>12 de agosto de 2025<\/p>\n\t\t\t\t\t\t\t\t<\/div>\n\t\t\t\t<\/div>\n\t\t\t\t\t<\/div>\n\t\t<\/div>\n\t\t\t\t\t<\/div>\n\t\t<\/section>\n\t\t\t\t<\/div>\n\t\t","protected":false},"excerpt":{"rendered":"<p>POL\u00cdTICA DE PRIVACIDAD DEL SITIO WEB POL\u00cdTICA DE PRIVACIDAD DE www.cemcassa.com Datos del propietario de la web: RAZ\u00d3N SOCIAL WERBAL TRADE SL NIF B64987001 DOMINIO www.cemcassa.com DIRECCI\u00d3N POSTAL BAIXADA DE LA COMA 15,17244 CASSA DE LA SELVA(GIRONA) DIRECCI\u00d3N ELECTR\u00d3NICA recepciocemcassa@gmail.com TEL\u00c9FONOS 689730660 N\u00ba REGISTRO\/ DATOS ADICIONALES Inscripci\u00f3n: www.cemcassa.com Protecci\u00f3n de datos De conformidad con la [&hellip;]<\/p>\n","protected":false},"author":1,"featured_media":0,"parent":0,"menu_order":0,"comment_status":"closed","ping_status":"closed","template":"elementor_header_footer","meta":{"footnotes":""},"class_list":["post-558","page","type-page","status-publish","hentry"],"_links":{"self":[{"href":"https:\/\/www.cemcassa.com\/es\/wp-json\/wp\/v2\/pages\/558","targetHints":{"allow":["GET"]}}],"collection":[{"href":"https:\/\/www.cemcassa.com\/es\/wp-json\/wp\/v2\/pages"}],"about":[{"href":"https:\/\/www.cemcassa.com\/es\/wp-json\/wp\/v2\/types\/page"}],"author":[{"embeddable":true,"href":"https:\/\/www.cemcassa.com\/es\/wp-json\/wp\/v2\/users\/1"}],"replies":[{"embeddable":true,"href":"https:\/\/www.cemcassa.com\/es\/wp-json\/wp\/v2\/comments?post=558"}],"version-history":[{"count":4,"href":"https:\/\/www.cemcassa.com\/es\/wp-json\/wp\/v2\/pages\/558\/revisions"}],"predecessor-version":[{"id":2210,"href":"https:\/\/www.cemcassa.com\/es\/wp-json\/wp\/v2\/pages\/558\/revisions\/2210"}],"wp:attachment":[{"href":"https:\/\/www.cemcassa.com\/es\/wp-json\/wp\/v2\/media?parent=558"}],"curies":[{"name":"wp","href":"https:\/\/api.w.org\/{rel}","templated":true}]}}