{"id":2257,"date":"2025-11-04T10:43:01","date_gmt":"2025-11-04T09:43:01","guid":{"rendered":"https:\/\/www.cemcassa.com\/clausula-para-uso-de-aplicaciones-de-mensajeria-instantanea\/"},"modified":"2025-11-04T10:43:19","modified_gmt":"2025-11-04T09:43:19","slug":"clausula-para-uso-de-aplicaciones-de-mensajeria-instantanea","status":"publish","type":"page","link":"https:\/\/www.cemcassa.com\/es\/clausula-para-uso-de-aplicaciones-de-mensajeria-instantanea\/","title":{"rendered":"Cl\u00e1usula para uso de aplicaciones de mensajer\u00eda instant\u00e1nea"},"content":{"rendered":"\t\t<div data-elementor-type=\"wp-page\" data-elementor-id=\"2257\" class=\"elementor elementor-2257 elementor-2244\" data-elementor-post-type=\"page\">\n\t\t\t\t\t\t<section class=\"elementor-section elementor-top-section elementor-element elementor-element-60bed11 elementor-section-stretched elementor-section-full_width elementor-section-height-min-height elementor-section-height-default elementor-section-items-middle\" data-id=\"60bed11\" data-element_type=\"section\" data-e-type=\"section\" data-settings=\"{&quot;stretch_section&quot;:&quot;section-stretched&quot;,&quot;background_background&quot;:&quot;classic&quot;}\">\n\t\t\t\t\t\t<div class=\"elementor-container elementor-column-gap-default\">\n\t\t\t\t\t<div class=\"elementor-column elementor-col-100 elementor-top-column elementor-element elementor-element-4ccb83e\" data-id=\"4ccb83e\" data-element_type=\"column\" data-e-type=\"column\">\n\t\t\t<div class=\"elementor-widget-wrap\">\n\t\t\t\t\t\t\t<\/div>\n\t\t<\/div>\n\t\t\t\t\t<\/div>\n\t\t<\/section>\n\t\t\t\t<section class=\"elementor-section elementor-top-section elementor-element elementor-element-6826ff4 elementor-section-boxed elementor-section-height-default elementor-section-height-default\" data-id=\"6826ff4\" data-element_type=\"section\" data-e-type=\"section\">\n\t\t\t\t\t\t<div class=\"elementor-container elementor-column-gap-default\">\n\t\t\t\t\t<div class=\"elementor-column elementor-col-100 elementor-top-column elementor-element elementor-element-cd9c0c9\" data-id=\"cd9c0c9\" data-element_type=\"column\" data-e-type=\"column\">\n\t\t\t<div class=\"elementor-widget-wrap elementor-element-populated\">\n\t\t\t\t\t\t<div class=\"elementor-element elementor-element-97b7886 elementor-widget elementor-widget-heading\" data-id=\"97b7886\" data-element_type=\"widget\" data-e-type=\"widget\" data-widget_type=\"heading.default\">\n\t\t\t\t<div class=\"elementor-widget-container\">\n\t\t\t\t\t<h2 class=\"elementor-heading-title elementor-size-default\">Cl\u00e1usula para uso de aplicaciones de mensajer\u00eda instant\u00e1nea<\/h2>\t\t\t\t<\/div>\n\t\t\t\t<\/div>\n\t\t\t\t<div class=\"elementor-element elementor-element-5f32cc0 elementor-widget-divider--view-line elementor-widget elementor-widget-divider\" data-id=\"5f32cc0\" data-element_type=\"widget\" data-e-type=\"widget\" data-widget_type=\"divider.default\">\n\t\t\t\t<div class=\"elementor-widget-container\">\n\t\t\t\t\t\t\t<div class=\"elementor-divider\">\n\t\t\t<span class=\"elementor-divider-separator\">\n\t\t\t\t\t\t<\/span>\n\t\t<\/div>\n\t\t\t\t\t\t<\/div>\n\t\t\t\t<\/div>\n\t\t\t\t<div class=\"elementor-element elementor-element-33befbf elementor-widget elementor-widget-text-editor\" data-id=\"33befbf\" data-element_type=\"widget\" data-e-type=\"widget\" data-widget_type=\"text-editor.default\">\n\t\t\t\t<div class=\"elementor-widget-container\">\n\t\t\t\t\t\t\t\t\t<p class=\"p1\"><b>CL\u00c1USULA PARA USO DE APLICACIONES DE MENSAJER\u00cdA INSTANT\u00c1NEA (PARA PUBLICIDAD)<\/b><\/p>\n<p class=\"p1\"><b> <\/b>De conformidad con la normativa vigente y aplicable en protecci\u00f3n de datos de car\u00e1cter personal, le informamos que sus datos ser\u00e1n incorporados al sistema de tratamiento titularidad de WERBAL TRADE SL con NIF B64987001 y domicilio social sito en BAIXADA DE LA COMA 15,17244 CASSA DE LA SELVA(GIRONA) y, y que a continuaci\u00f3n se facilita la informaci\u00f3n de los tratamientos realizados:<\/p>\n<p class=\"p2\"><b>Finalidad: <\/b>realizar comunicaciones de car\u00e1cter informativo y\/o publicitario a trav\u00e9s del aplicativo.<\/p>\n<p class=\"p2\"><b>Plazo de conservaci\u00f3n: <\/b>Mientras se mantenga el consentimiento prestado.<\/p>\n<p class=\"p2\"><b>Base leg\u00edtima: <\/b>El consentimiento del interesado.<\/p>\n<p class=\"p1\"><b>Cesiones: <\/b>sus datos ser\u00e1n comunicados solo al responsable de la aplicaci\u00f3n de mensajer\u00eda instant\u00e1nea, salvo obligaci\u00f3n legal.<\/p>\n<p class=\"p1\">WERBAL TRADE SL hace uso de aplicaciones de mensajer\u00eda instant\u00e1nea para comunicaciones informativas y\/o publicitarias, que no precisen de realizarse por medios formales, evitando en cualquier caso el env\u00edo de informaci\u00f3n que contenga datos de car\u00e1cter personal (especialmente datos sensibles).<\/p>\n<p class=\"p1\">A continuaci\u00f3n, solicitamos la autorizaci\u00f3n para el env\u00edo\/recibo de informaci\u00f3n y\/o publicidad a trav\u00e9s de este medio, as\u00ed como, la autorizaci\u00f3n para la inclusi\u00f3n en grupos teniendo en cuenta que el resto de miembros del mismo podr\u00edan visualizar su n\u00famero de tel\u00e9fono:<\/p>\n<div class=\"consent-group\">\n<p><label><label><br \/><input name=\"autorizo_info_si\" type=\"checkbox\"> <b>SI AUTORIZO <\/b>recibir comunicaciones de car\u00e1cter informativo y\/o comercial a trav\u00e9s de mensajer\u00eda instant\u00e1nea.<\/label><\/label><\/p>\n<div class=\"consent-group\">\n<p><label><label><br \/><input name=\"autorizo_info_si\" type=\"checkbox\"> <b>NO AUTORIZO <\/b>recibir comunicaciones de car\u00e1cter informativo y\/o comercial a trav\u00e9s de mensajer\u00eda instant\u00e1nea.<\/label><\/label><\/p>\n<div class=\"consent-group\">\n<p><label><label><br \/><input name=\"autorizo_info_si\" type=\"checkbox\"> <b>SI AUTORIZO <\/b>la inclusi\u00f3n en grupos para comunicaciones de car\u00e1cter informativo y\/o comercial a trav\u00e9s de mensajer\u00eda instant\u00e1nea.<\/label><\/label><\/p>\n<div class=\"consent-group\">\n<p><label><label><br \/><input name=\"autorizo_info_si\" type=\"checkbox\"> <b>NO AUTORIZO <\/b>la inclusi\u00f3n en grupos para comunicaciones de car\u00e1cter informativo y\/o comercial a trav\u00e9s de mensajer\u00eda instant\u00e1nea.<\/label><\/label><\/p>\n<p class=\"p1\">A su vez, le informamos que puede contactar con el Delegado de Protecci\u00f3n de Datos, dirigi\u00e9ndose por escrito a la direcci\u00f3n de correo dpd.cliente@conversia.es o al tel\u00e9fono 872 987 665.<\/p>\n<p class=\"p1\">De acuerdo con los derechos que le confiere la normativa vigente y aplicable en protecci\u00f3n de datos podr\u00e1 ejercer los derechos de acceso, rectificaci\u00f3n, limitaci\u00f3n de tratamiento, supresi\u00f3n (\u201cderecho al olvido\u201d), portabilidad y oposici\u00f3n al tratamiento de sus datos de car\u00e1cter personal as\u00ed como la revocaci\u00f3n del consentimiento prestado para el tratamiento de los mismos, dirigiendo su petici\u00f3n a la direcci\u00f3n postal BAIXADA DE LA COMA 15,17244 CASSA DE LA SELVA(GIRONA) o al correo electr\u00f3nico recepciocemcassa@gmail.com . Podr\u00e1 dirigirse a la Autoridad de Control competente para presentar la reclamaci\u00f3n que considere oportuna.<\/p>\n<p class=\"p1\">WERBAL TRADE SL informa que con la firma del presente documento otorga el consentimiento expl\u00edcito para el tratamiento de los datos de las finalidades mencionadas anteriormente.<\/p>\n<p class=\"p1\">Nombre y apellidos:<\/p>\n<p class=\"p1\">DNI:<\/p>\n<p class=\"p1\">Firma:<\/p>\n<hr>\n<p class=\"p1\"><b>CL\u00c1USULA PARA USO DE APLICACIONES DE MENSAJER\u00cdA INSTANT\u00c1NEA <\/b><\/p>\n<p class=\"p1\">De conformidad con la normativa vigente y aplicable en protecci\u00f3n de datos de car\u00e1cter personal, le informamos que sus datos ser\u00e1n incorporados al sistema de tratamiento titularidad de WERBAL TRADE SL con NIF B64987001 y domicilio social sito en BAIXADA DE LA COMA 15,17244 CASSA DE LA SELVA(GIRONA), y que a continuaci\u00f3n se relacionan sus respectivas finalidades, plazos de conservaci\u00f3n y bases legitimadoras:<\/p>\n<p class=\"p2\"><b>Finalidad: <\/b>realizar comunicaciones de car\u00e1cter informativo a trav\u00e9s del aplicativo.<\/p>\n<p class=\"p2\"><b>Plazo de conservaci\u00f3n: <\/b>Mientras se mantenga el consentimiento prestado.<\/p>\n<p class=\"p2\"><b>Base leg\u00edtima: <\/b>El consentimiento del interesado.<\/p>\n<p class=\"p1\"><b>Cesiones: <\/b>sus datos ser\u00e1n comunicados en caso de ser necesario solo al responsable de la aplicaci\u00f3n de mensajer\u00eda instant\u00e1nea, salvo obligaci\u00f3n legal.<\/p>\n<p class=\"p1\">WERBAL TRADE SL hace uso de aplicaciones de mensajer\u00eda instant\u00e1nea para comunicaciones informativas, que no precisen de realizarse por medios formales, evitando en cualquier caso el env\u00edo de informaci\u00f3n que contenga datos de car\u00e1cter personal (especialmente datos sensibles).<\/p>\n<p class=\"p1\">A continuaci\u00f3n, solicitamos la autorizaci\u00f3n para el env\u00edo\/recibo de informaci\u00f3n a trav\u00e9s de este medio, as\u00ed como, la autorizaci\u00f3n para la inclusi\u00f3n en grupos teniendo en cuenta que el resto de miembros del mismo podr\u00edan visualizar su n\u00famero de tel\u00e9fono:<\/p>\n<div class=\"consent-group\"><label><br \/><input name=\"autorizo_info_si\" type=\"checkbox\"> <strong>SI AUTORIZO<\/strong> recibir comunicaciones de car\u00e1cter informativo a trav\u00e9s de mensajer\u00eda instant\u00e1nea.<br \/><\/label><\/div>\n<div class=\"consent-group\"><label><br \/><input name=\"autorizo_info_no\" type=\"checkbox\"> <strong>NO AUTORIZO<\/strong> recibir comunicaciones de car\u00e1cter informativo a trav\u00e9s de mensajer\u00eda instant\u00e1nea.<br \/><\/label><\/div>\n<div class=\"consent-group\"><\/div>\n<div class=\"consent-group\"><label><input name=\"autorizo_grupos_si\" type=\"checkbox\"> <strong>SI AUTORIZO<\/strong> la inclusi\u00f3n en grupos para comunicaciones de car\u00e1cter informativo a trav\u00e9s de mensajer\u00eda instant\u00e1nea.<\/label><\/div>\n<div class=\"consent-group\"><\/div>\n<div class=\"consent-group\"><label><input name=\"autorizo_grupos_no\" type=\"checkbox\"> <strong>NO AUTORIZO<\/strong> la inclusi\u00f3n en grupos para comunicaciones de car\u00e1cter informativo a trav\u00e9s de mensajer\u00eda instant\u00e1nea.<br \/><\/label><\/div>\n<p class=\"p1\">A su vez, le informamos que puede contactar con el Delegado de Protecci\u00f3n de Datos, dirigi\u00e9ndose por escrito a la direcci\u00f3n de correo dpd.cliente@conversia.es o al tel\u00e9fono 872 987 665.<\/p>\n<p class=\"p1\">De acuerdo con los derechos que le confiere la normativa vigente y aplicable en protecci\u00f3n de datos podr\u00e1 ejercer los derechos de acceso, rectificaci\u00f3n, limitaci\u00f3n de tratamiento, supresi\u00f3n (\u201cderecho al olvido\u201d), portabilidad y oposici\u00f3n al tratamiento de sus datos de car\u00e1cter personal as\u00ed como la revocaci\u00f3n del consentimiento prestado para el tratamiento de los mismos, dirigiendo su petici\u00f3n a la direcci\u00f3n postal BAIXADA DE LA COMA 15,17244 CASSA DE LA SELVA(GIRONA) o al correo electr\u00f3nico recepciocemcassa@gmail.com . Podr\u00e1 dirigirse a la Autoridad de Control competente para presentar la reclamaci\u00f3n que considere oportuna.<\/p>\n<p class=\"p1\">WERBAL TRADE SL informa que con la firma del presente documento otorga el consentimiento expl\u00edcito para el tratamiento de los datos de las finalidades mencionadas anteriormente.<\/p>\n<p class=\"p1\">Nombre y apellidos:<\/p>\n<p class=\"p1\">DNI:<\/p>\n<p class=\"p1\">Firma:<\/p>\n<\/div>\n<\/div>\n<\/div>\n<\/div>\n<div id=\"gtx-trans\" style=\"position: absolute; left: -6px; top: -9px;\" data-mce-style=\"position: absolute; left: -6px; top: -9px;\">\n<div class=\"gtx-trans-icon\"><\/div>\n<\/div>\n\t\t\t\t\t\t\t\t<\/div>\n\t\t\t\t<\/div>\n\t\t\t\t\t<\/div>\n\t\t<\/div>\n\t\t\t\t\t<\/div>\n\t\t<\/section>\n\t\t\t\t<\/div>\n\t\t","protected":false},"excerpt":{"rendered":"<p>Cl\u00e1usula para uso de aplicaciones de mensajer\u00eda instant\u00e1nea CL\u00c1USULA PARA USO DE APLICACIONES DE MENSAJER\u00cdA INSTANT\u00c1NEA (PARA PUBLICIDAD) De conformidad con la normativa vigente y aplicable en protecci\u00f3n de datos de car\u00e1cter personal, le informamos que sus datos ser\u00e1n incorporados al sistema de tratamiento titularidad de WERBAL TRADE SL con NIF B64987001 y domicilio social [&hellip;]<\/p>\n","protected":false},"author":1,"featured_media":0,"parent":0,"menu_order":0,"comment_status":"closed","ping_status":"closed","template":"","meta":{"footnotes":""},"class_list":["post-2257","page","type-page","status-publish","hentry"],"_links":{"self":[{"href":"https:\/\/www.cemcassa.com\/es\/wp-json\/wp\/v2\/pages\/2257","targetHints":{"allow":["GET"]}}],"collection":[{"href":"https:\/\/www.cemcassa.com\/es\/wp-json\/wp\/v2\/pages"}],"about":[{"href":"https:\/\/www.cemcassa.com\/es\/wp-json\/wp\/v2\/types\/page"}],"author":[{"embeddable":true,"href":"https:\/\/www.cemcassa.com\/es\/wp-json\/wp\/v2\/users\/1"}],"replies":[{"embeddable":true,"href":"https:\/\/www.cemcassa.com\/es\/wp-json\/wp\/v2\/comments?post=2257"}],"version-history":[{"count":5,"href":"https:\/\/www.cemcassa.com\/es\/wp-json\/wp\/v2\/pages\/2257\/revisions"}],"predecessor-version":[{"id":2263,"href":"https:\/\/www.cemcassa.com\/es\/wp-json\/wp\/v2\/pages\/2257\/revisions\/2263"}],"wp:attachment":[{"href":"https:\/\/www.cemcassa.com\/es\/wp-json\/wp\/v2\/media?parent=2257"}],"curies":[{"name":"wp","href":"https:\/\/api.w.org\/{rel}","templated":true}]}}